{"id":309,"date":"2023-08-03T10:36:57","date_gmt":"2023-08-03T08:36:57","guid":{"rendered":"https:\/\/icgc2024.es\/?page_id=309"},"modified":"2024-09-02T20:30:22","modified_gmt":"2024-09-02T18:30:22","slug":"committees","status":"publish","type":"page","link":"https:\/\/icgc2024.es\/index.php\/committees\/","title":{"rendered":"Committees"},"content":{"rendered":"<p>[et_pb_section fb_built=\u00bb1&#8243; fullwidth=\u00bbon\u00bb _builder_version=\u00bb4.21.0&#8243; background_color=\u00bb#bedfca\u00bb background_image=\u00bbhttps:\/\/icgc2024.es\/wp-content\/uploads\/2023\/08\/fondo_cabecera.webp\u00bb background_size=\u00bbcontain\u00bb background_position=\u00bbbottom_right\u00bb global_module=\u00bb218&#8243; global_colors_info=\u00bb{}\u00bb][et_pb_fullwidth_header title=\u00bb@ET-DC@eyJkeW5hbWljIjp0cnVlLCJjb250ZW50IjoicG9zdF90aXRsZSIsInNldHRpbmdzIjp7ImJlZm9yZSI6IiIsImFmdGVyIjoiIn19@\u00bb subhead=\u00bbICGC2024&#8243; content_max_width=\u00bbnone\u00bb _builder_version=\u00bb4.21.0&#8243; _dynamic_attributes=\u00bbtitle\u00bb title_text_color=\u00bb#008f3f\u00bb subhead_font=\u00bb|600|||||||\u00bb subhead_text_color=\u00bb#008f3f\u00bb subhead_letter_spacing=\u00bb2px\u00bb background_color=\u00bbrgba(255, 255, 255, 0)\u00bb global_colors_info=\u00bb{}\u00bb button_one_text_size__hover_enabled=\u00bboff\u00bb button_two_text_size__hover_enabled=\u00bboff\u00bb button_one_text_color__hover_enabled=\u00bboff\u00bb button_two_text_color__hover_enabled=\u00bboff\u00bb button_one_border_width__hover_enabled=\u00bboff\u00bb button_two_border_width__hover_enabled=\u00bboff\u00bb button_one_border_color__hover_enabled=\u00bboff\u00bb button_two_border_color__hover_enabled=\u00bboff\u00bb button_one_border_radius__hover_enabled=\u00bboff\u00bb button_two_border_radius__hover_enabled=\u00bboff\u00bb button_one_letter_spacing__hover_enabled=\u00bboff\u00bb button_two_letter_spacing__hover_enabled=\u00bboff\u00bb button_one_bg_color__hover_enabled=\u00bboff\u00bb button_two_bg_color__hover_enabled=\u00bboff\u00bb][\/et_pb_fullwidth_header][\/et_pb_section][et_pb_section fb_built=\u00bb1&#8243; _builder_version=\u00bb4.16&#8243; global_colors_info=\u00bb{}\u00bb][et_pb_row column_structure=\u00bb1_2,1_2&#8243; module_id=\u00bbInternational_Scientific_Committee\u00bb _builder_version=\u00bb4.21.0&#8243; background_size=\u00bbinitial\u00bb background_position=\u00bbtop_left\u00bb background_repeat=\u00bbrepeat\u00bb global_colors_info=\u00bb{}\u00bb][et_pb_column type=\u00bb1_2&#8243; _builder_version=\u00bb4.16&#8243; custom_padding=\u00bb|||\u00bb global_colors_info=\u00bb{}\u00bb custom_padding__hover=\u00bb|||\u00bb][et_pb_text _builder_version=\u00bb4.22.2&#8243; header_2_font=\u00bb|600|||||||\u00bb header_2_text_color=\u00bb#008f3f\u00bb background_size=\u00bbinitial\u00bb background_position=\u00bbtop_left\u00bb background_repeat=\u00bbrepeat\u00bb animation_style=\u00bbslide\u00bb animation_duration=\u00bb1800ms\u00bb global_colors_info=\u00bb{}\u00bb]<\/p>\n<h2>Fern\u00e1ndez Jim\u00e9nez, AnaInternational Scientific Committee (ISC)<\/h2>\n<p>&nbsp;<\/p>\n<p><strong>Airida Tylien\u0117 <\/strong>(Vilnius College of Technologies and Design)<strong><br \/>Agrela Sainz, Francisco<\/strong> (Universidad de C\u00f3rdoba)<br \/><strong>Andrius Gulbinas<\/strong> (Vilnius College of Technologies and Design)<strong><br \/>\u00c1lvarez Galindo, Jos\u00e9 Ignacio<\/strong> (Universidad de Navarra)<br \/><strong>Barbudo Mu\u00f1oz, Auxiliadora<\/strong> (Universidad de C\u00f3rdoba)<br \/><strong>Bullejos Mart\u00edn, David<\/strong> (Universidad de C\u00f3rdoba)<br \/><strong>Caballero Amores, \u00c1lvaro<\/strong> (Universidad de C\u00f3rdoba)<br \/><strong>Cherif, El Khalil<\/strong> (Instituto Superior T\u00e9cnico de Lisboa)<br \/><strong>Ciacci, Cecilia<\/strong> (University of Florence)<br \/><strong>Cifuentes Bult\u00e9, H\u00e9ctor<\/strong> (Universidad de Sevilla)<br \/><strong>Conde Garc\u00eda, Marta<\/strong> (Universidad de C\u00f3rdoba)<br \/><strong>Corpas Iglesias, Francisco Antonio<\/strong> (Universidad de Ja\u00e9n)<br \/><strong>de Brito, Jorge<\/strong> (Instituto Superior T\u00e9cnico de Lisboa)<br \/><strong>Di Naso, Vincenzo<\/strong> (University of Florence)<br \/><strong>El Hallaoui, Zhor<\/strong> (Euromed University of Fez)<br \/><strong>Evangelista, Luis<\/strong> (Instituto Superior T\u00e9cnico de Lisboa)<br \/><strong>Fern\u00e1ndez Jim\u00e9nez, Ana <\/strong>(IETcc, CSIC)<strong><br \/>Fern\u00e1ndez Ledesma, Enrique<\/strong> (Universidad de C\u00f3rdoba)<br \/><strong>Fern\u00e1ndez Rodr\u00edguez, Jos\u00e9 Mar\u00eda<\/strong> (Universidad de C\u00f3rdoba)<br \/><strong>Garc\u00eda Lodeiro, In\u00e9s<\/strong> (IETcc, CSIC)<br \/><strong>Garc\u00eda Mart\u00ednez, Mar\u00eda del Carmen<\/strong> (Universidad de C\u00f3rdoba)<br \/><strong>Jim\u00e9nez Romero, Jos\u00e9 Ram\u00f3n<\/strong> (Universidad de C\u00f3rdoba)<br \/><strong>Kalinowska-Wichrowska, Katarzyna<\/strong> (Bialystok University of Technology)<br \/><strong>Kosior-Kazberuk, Marta<\/strong> (Bialystok University of Technology)<br \/><strong>Krawczyk, Dorota A.<\/strong> (Bialystok University of Technology)<br \/><strong>L\u00f3pez Alonso, M\u00f3nica<\/strong> (Universidad de Granada)<br \/><strong>Lozano Lunar, Ang\u00e9lica<\/strong> (Universidad de C\u00f3rdoba)<br \/><strong>Mart\u00ednez de la Concha, Antonio<\/strong> (Universidad de Sevilla)<strong><br \/>Mart\u00ednez Echevarr\u00eda, Mar\u00eda Jos\u00e9<\/strong> (Universidad de Granada)<br \/><strong>Pawluczuk, Edyta<\/strong> (Bialystok University of Technology)<br \/><strong>P\u00e9rez Galv\u00edn, Adela<\/strong> (Universidad de C\u00f3rdoba)<br \/><strong>Pi\u00f1a Ram\u00edrez, Carolina<\/strong> (Universidad Polit\u00e9cnica de Madrid)<br \/><strong>Pujadas \u00c1lvaro, Pablo <\/strong>(Universitat Polit\u00e8cnica de Catalunya)<strong><br \/>Reyes Pozo, Encarnaci\u00f3n<\/strong> (Universidad Polit\u00e9cnica de Madrid)<br \/><strong>Rodero Serrano, Antonio<\/strong> (Universidad de C\u00f3rdoba)<br \/><strong>Rubio G\u00e1mez, Mar\u00eda del Carmen<\/strong> (Universidad de Granada)<br \/><strong>Ruiz de Adana, Manuel<\/strong> (Universidad de C\u00f3rdoba)<br \/><strong>S\u00e1nchez Granados, Luis<\/strong> (Universidad de C\u00f3rdoba)<br \/><strong>S\u00e1nchez Moreno, Mar\u00eda de las Mercedes<\/strong> (Universidad de C\u00f3rdoba)<br \/><strong>Suescum Morales, David<\/strong> (Universidad de C\u00f3rdoba)<br \/><strong>Van Der Voort, Pascal<\/strong> (Ghent University)<br \/><strong>Vasco Silva, Rui<\/strong> (Instituto Superior T\u00e9cnico de Lisboa)<br \/><strong>Vidales Barriguete, Mar\u00eda Alejandra (Universidad Polit\u00e9cnica de Madrid)<br \/>Zorins, Aleksejs (Rezekne Academy of Technology)<\/strong><\/p>\n<p><strong> <\/strong><\/p>\n<p><strong><\/strong><\/p>\n<p>&nbsp;<\/p>\n<p>[\/et_pb_text][\/et_pb_column][et_pb_column type=\u00bb1_2&#8243; _builder_version=\u00bb4.16&#8243; custom_padding=\u00bb|||\u00bb global_colors_info=\u00bb{}\u00bb custom_padding__hover=\u00bb|||\u00bb][et_pb_image src=\u00bbhttps:\/\/icgc2024.es\/wp-content\/uploads\/2023\/08\/fachada-rectorado.webp\u00bb alt=\u00bbFachada del rectorado de la UCO. C\u00f3rdoba\u00bb title_text=\u00bbfachada-rectorado\u00bb _builder_version=\u00bb4.21.0&#8243; _module_preset=\u00bbdefault\u00bb animation_style=\u00bbslide\u00bb animation_direction=\u00bbright\u00bb animation_duration=\u00bb1600ms\u00bb border_radii=\u00bboff|6px|108px|6px|6px\u00bb global_colors_info=\u00bb{}\u00bb][\/et_pb_image][\/et_pb_column][\/et_pb_row][et_pb_row column_structure=\u00bb1_2,1_2&#8243; module_id=\u00bbOrganizing_Committee\u00bb _builder_version=\u00bb4.21.0&#8243; background_size=\u00bbinitial\u00bb background_position=\u00bbtop_left\u00bb background_repeat=\u00bbrepeat\u00bb global_colors_info=\u00bb{}\u00bb][et_pb_column type=\u00bb1_2&#8243; _builder_version=\u00bb4.16&#8243; custom_padding=\u00bb|||\u00bb global_colors_info=\u00bb{}\u00bb custom_padding__hover=\u00bb|||\u00bb][et_pb_text _builder_version=\u00bb4.22.1&#8243; header_2_font=\u00bb|600|||||||\u00bb header_2_text_color=\u00bb#008f3f\u00bb header_4_font=\u00bb|600|||||||\u00bb header_4_text_color=\u00bb#a3a3a3&#8243; background_size=\u00bbinitial\u00bb background_position=\u00bbtop_left\u00bb background_repeat=\u00bbrepeat\u00bb animation_style=\u00bbslide\u00bb animation_duration=\u00bb2000ms\u00bb global_colors_info=\u00bb{}\u00bb]<\/p>\n<h2>Organizing Committee (OC)<\/h2>\n<p>&nbsp;<\/p>\n<h4>Chairmen<\/h4>\n<p><strong><a href=\"https:\/\/orcid.org\/0000-0001-8414-4615\" target=\"_blank\" rel=\"noopener\">Jim\u00e9nez Romero, Jos\u00e9 Ram\u00f3n<\/a><br \/><a href=\"https:\/\/orcid.org\/0000-0002-0809-4959\" target=\"_blank\" rel=\"noopener\">Fern\u00e1ndez Rodr\u00edguez, Jos\u00e9 Mar\u00eda<\/a><\/strong><br \/><a href=\"https:\/\/orcid.org\/0000-0003-0152-620X\" target=\"_blank\" rel=\"noopener\"><strong> Rodero Serrano, Antonio<\/strong><\/a><\/p>\n<p>&nbsp;<\/p>\n<h4>Secretary<\/h4>\n<p><a href=\"https:\/\/orcid.org\/0000-0002-3744-3791\" target=\"_blank\" rel=\"noopener\"><strong>Fern\u00e1ndez Ledesma, Enrique<\/strong><\/a><\/p>\n<p>&nbsp;<\/p>\n<h4>Other members<\/h4>\n<p><strong>Cantador Fern\u00e1ndez, David<\/strong><br \/><strong>Gonz\u00e1lez Caro, \u00c1gata<\/strong><br \/><strong>Lozano Lunar, Ang\u00e9lica<\/strong><br \/><strong>Mateo Calvo, Juan<\/strong><br \/><strong>Merino Lechuga, Antonio<\/strong><br \/><strong>Suescum Morales, David<br \/><\/strong><strong>Calder\u00f3n Rodr\u00edguez, Rafael.<\/strong><\/p>\n<p>[\/et_pb_text][\/et_pb_column][et_pb_column type=\u00bb1_2&#8243; _builder_version=\u00bb4.16&#8243; custom_padding=\u00bb|||\u00bb global_colors_info=\u00bb{}\u00bb custom_padding__hover=\u00bb|||\u00bb][et_pb_image src=\u00bbhttps:\/\/icgc2024.es\/wp-content\/uploads\/2023\/08\/alcazar.webp\u00bb alt=\u00bbAlc\u00e1zar de los Reyes Cristianos, C\u00f3rdoba.\u00bb title_text=\u00bbalcazar\u00bb _builder_version=\u00bb4.21.0&#8243; _module_preset=\u00bbdefault\u00bb custom_margin=\u00bb9%||||false|false\u00bb animation_style=\u00bbslide\u00bb animation_direction=\u00bbright\u00bb animation_duration=\u00bb1950ms\u00bb border_radii=\u00bbon|6px|6px|6px|6px\u00bb global_colors_info=\u00bb{}\u00bb][\/et_pb_image][\/et_pb_column][\/et_pb_row][\/et_pb_section]<\/p>\n","protected":false},"excerpt":{"rendered":"<p>Fern\u00e1ndez Jim\u00e9nez, AnaInternational Scientific Committee (ISC) &nbsp; Airida Tylien\u0117 (Vilnius College of Technologies and Design)Agrela Sainz, Francisco (Universidad de C\u00f3rdoba)Andrius Gulbinas (Vilnius College of Technologies and Design)\u00c1lvarez Galindo, Jos\u00e9 Ignacio (Universidad de Navarra)Barbudo Mu\u00f1oz, Auxiliadora (Universidad de C\u00f3rdoba)Bullejos Mart\u00edn, David (Universidad de C\u00f3rdoba)Caballero Amores, \u00c1lvaro (Universidad de C\u00f3rdoba)Cherif, El Khalil (Instituto Superior T\u00e9cnico de Lisboa)Ciacci, [&hellip;]<\/p>\n","protected":false},"author":1,"featured_media":0,"parent":0,"menu_order":0,"comment_status":"closed","ping_status":"closed","template":"","meta":{"_et_pb_use_builder":"on","_et_pb_old_content":"","_et_gb_content_width":"","footnotes":""},"class_list":["post-309","page","type-page","status-publish","hentry"],"_links":{"self":[{"href":"https:\/\/icgc2024.es\/index.php\/wp-json\/wp\/v2\/pages\/309","targetHints":{"allow":["GET"]}}],"collection":[{"href":"https:\/\/icgc2024.es\/index.php\/wp-json\/wp\/v2\/pages"}],"about":[{"href":"https:\/\/icgc2024.es\/index.php\/wp-json\/wp\/v2\/types\/page"}],"author":[{"embeddable":true,"href":"https:\/\/icgc2024.es\/index.php\/wp-json\/wp\/v2\/users\/1"}],"replies":[{"embeddable":true,"href":"https:\/\/icgc2024.es\/index.php\/wp-json\/wp\/v2\/comments?post=309"}],"version-history":[{"count":17,"href":"https:\/\/icgc2024.es\/index.php\/wp-json\/wp\/v2\/pages\/309\/revisions"}],"predecessor-version":[{"id":721,"href":"https:\/\/icgc2024.es\/index.php\/wp-json\/wp\/v2\/pages\/309\/revisions\/721"}],"wp:attachment":[{"href":"https:\/\/icgc2024.es\/index.php\/wp-json\/wp\/v2\/media?parent=309"}],"curies":[{"name":"wp","href":"https:\/\/api.w.org\/{rel}","templated":true}]}}